{"id":49,"date":"2022-08-01T11:45:31","date_gmt":"2022-08-01T09:45:31","guid":{"rendered":"http:\/\/localhost:8888\/mahrokh-beck\/?page_id=49"},"modified":"2023-01-20T12:19:45","modified_gmt":"2023-01-20T11:19:45","slug":"mahrokh-beck-jewellery","status":"publish","type":"page","link":"https:\/\/mahrokh-beck.de\/en\/","title":{"rendered":"Mahrokh Beck Jewellery"},"content":{"rendered":"<div class=\"wpb-content-wrapper\"><p>[vc_row][vc_column]<div tabindex=\"0\" class=\"ult-new-ib ult-ib-effect-style2  ult-ib-resp  \" data-min-width=\"768\" data-max-width=\"900\" style=\"background:#ffffff;\" data-opacity=\"1\" data-hover-opacity=\"0.3\" ><img decoding=\"async\" class=\"ult-new-ib-img\" style=\"opacity:1;\" alt=\"null\" src=\"https:\/\/mahrokh-beck.de\/wp-content\/uploads\/kette_1.jpg\"   \/><div id=\"interactive-banner-wrap-5552\" class=\"ult-new-ib-desc\" style=\"\"><h2 class=\"ult-new-ib-title ult-responsive\"  data-ultimate-target='#interactive-banner-wrap-5552 .ult-new-ib-title'  data-responsive-json-new='{\"font-size\":\"\",\"line-height\":\"\"}'  style=\"font-weight:normal;color:#000000;\"><\/h2><div class=\"ult-new-ib-content ult-responsive\"  data-ultimate-target='#interactive-banner-wrap-5552 .ult-new-ib-content'  data-responsive-json-new='{\"font-size\":\"\",\"line-height\":\"\"}'  style=\"font-weight:normal;color:#000000;\"><p>Necklace<\/p><\/div><\/div><a class=\"ult-new-ib-link\" href=\"https:\/\/mahrokh-beck.de\/en\/jewelry\/necklace\/\" title=\"Ketten\"  ><\/a><\/div><div tabindex=\"0\" class=\"ult-new-ib ult-ib-effect-style2  ult-ib-resp  \" data-min-width=\"768\" data-max-width=\"900\" style=\"background:#ffffff;\" data-opacity=\"1\" data-hover-opacity=\"0.3\" ><img decoding=\"async\" class=\"ult-new-ib-img\" style=\"opacity:1;\" alt=\"null\" src=\"https:\/\/mahrokh-beck.de\/wp-content\/uploads\/mahrokh-beck_ohrringe_1.jpg\"   \/><div id=\"interactive-banner-wrap-4331\" class=\"ult-new-ib-desc\" style=\"\"><h2 class=\"ult-new-ib-title ult-responsive\"  data-ultimate-target='#interactive-banner-wrap-4331 .ult-new-ib-title'  data-responsive-json-new='{\"font-size\":\"\",\"line-height\":\"\"}'  style=\"font-weight:normal;color:#000000;\"><\/h2><div class=\"ult-new-ib-content ult-responsive\"  data-ultimate-target='#interactive-banner-wrap-4331 .ult-new-ib-content'  data-responsive-json-new='{\"font-size\":\"\",\"line-height\":\"\"}'  style=\"font-weight:normal;color:#000000;\"><p>Earrings<\/p><\/div><\/div><a class=\"ult-new-ib-link\" href=\"https:\/\/mahrokh-beck.de\/en\/jewelry\/earrings\/\" title=\"Ohrringe\"  ><\/a><\/div><div tabindex=\"0\" class=\"ult-new-ib ult-ib-effect-style2  ult-ib-resp  \" data-min-width=\"768\" data-max-width=\"900\" style=\"background:#ffffff;\" data-opacity=\"1\" data-hover-opacity=\"0.3\" ><img decoding=\"async\" class=\"ult-new-ib-img\" style=\"opacity:1;\" alt=\"null\" src=\"https:\/\/mahrokh-beck.de\/wp-content\/uploads\/mahrokh-beck_brosche_1a.jpg\"   \/><div id=\"interactive-banner-wrap-1935\" class=\"ult-new-ib-desc\" style=\"\"><h2 class=\"ult-new-ib-title ult-responsive\"  data-ultimate-target='#interactive-banner-wrap-1935 .ult-new-ib-title'  data-responsive-json-new='{\"font-size\":\"\",\"line-height\":\"\"}'  style=\"font-weight:normal;color:#000000;\"><\/h2><div class=\"ult-new-ib-content ult-responsive\"  data-ultimate-target='#interactive-banner-wrap-1935 .ult-new-ib-content'  data-responsive-json-new='{\"font-size\":\"\",\"line-height\":\"\"}'  style=\"font-weight:normal;color:#000000;\"><p>Brooches<\/p><\/div><\/div><a class=\"ult-new-ib-link\" href=\"https:\/\/mahrokh-beck.de\/en\/jewelry\/brooches\/\" title=\"Ketten\"  ><\/a><\/div>[\/vc_column][\/vc_row][vc_row][vc_column]<div tabindex=\"0\" class=\"ult-new-ib ult-ib-effect-style2  ult-ib-resp  \" data-min-width=\"768\" data-max-width=\"900\" style=\"background:#ffffff;\" data-opacity=\"1\" data-hover-opacity=\"0.3\" ><img decoding=\"async\" class=\"ult-new-ib-img\" style=\"opacity:1;\" alt=\"null\" src=\"https:\/\/mahrokh-beck.de\/wp-content\/uploads\/detail_1.jpg\"   \/><div id=\"interactive-banner-wrap-2001\" class=\"ult-new-ib-desc\" style=\"\"><h2 class=\"ult-new-ib-title ult-responsive\"  data-ultimate-target='#interactive-banner-wrap-2001 .ult-new-ib-title'  data-responsive-json-new='{\"font-size\":\"\",\"line-height\":\"\"}'  style=\"font-weight:normal;color:#000000;\"><\/h2><div class=\"ult-new-ib-content ult-responsive\"  data-ultimate-target='#interactive-banner-wrap-2001 .ult-new-ib-content'  data-responsive-json-new='{\"font-size\":\"\",\"line-height\":\"\"}'  style=\"font-weight:normal;color:#000000;\"><p>More than gold<\/p><\/div><\/div><a class=\"ult-new-ib-link\" href=\"https:\/\/mahrokh-beck.de\/en\/more-than-gold\/\" title=\"More than gold\"  ><\/a><\/div><div tabindex=\"0\" class=\"ult-new-ib ult-ib-effect-style2  ult-ib-resp  \" data-min-width=\"768\" data-max-width=\"900\" style=\"background:#ffffff;\" data-opacity=\"1\" data-hover-opacity=\"0.3\" ><img decoding=\"async\" class=\"ult-new-ib-img\" style=\"opacity:1;\" alt=\"null\" src=\"https:\/\/mahrokh-beck.de\/wp-content\/uploads\/ring_1-start.jpg\"   \/><div id=\"interactive-banner-wrap-2186\" class=\"ult-new-ib-desc\" style=\"\"><h2 class=\"ult-new-ib-title ult-responsive\"  data-ultimate-target='#interactive-banner-wrap-2186 .ult-new-ib-title'  data-responsive-json-new='{\"font-size\":\"\",\"line-height\":\"\"}'  style=\"font-weight:normal;color:#000000;\"><\/h2><div class=\"ult-new-ib-content ult-responsive\"  data-ultimate-target='#interactive-banner-wrap-2186 .ult-new-ib-content'  data-responsive-json-new='{\"font-size\":\"\",\"line-height\":\"\"}'  style=\"font-weight:normal;color:#000000;\"><p>Rings<\/p><\/div><\/div><a class=\"ult-new-ib-link\" href=\"https:\/\/mahrokh-beck.de\/en\/jewelry\/rings\/\" title=\"Ringe\"  ><\/a><\/div><div tabindex=\"0\" class=\"ult-new-ib ult-ib-effect-style2  ult-ib-resp  \" data-min-width=\"768\" data-max-width=\"900\" style=\"background:#ffffff;\" data-opacity=\"1\" data-hover-opacity=\"0.3\" ><img decoding=\"async\" class=\"ult-new-ib-img\" style=\"opacity:1;\" alt=\"null\" src=\"https:\/\/mahrokh-beck.de\/wp-content\/uploads\/mahrokh_beck_CV_neu.jpg\"   \/><div id=\"interactive-banner-wrap-4705\" class=\"ult-new-ib-desc\" style=\"\"><h2 class=\"ult-new-ib-title ult-responsive\"  data-ultimate-target='#interactive-banner-wrap-4705 .ult-new-ib-title'  data-responsive-json-new='{\"font-size\":\"\",\"line-height\":\"\"}'  style=\"font-weight:normal;color:#000000;\"><\/h2><div class=\"ult-new-ib-content ult-responsive\"  data-ultimate-target='#interactive-banner-wrap-4705 .ult-new-ib-content'  data-responsive-json-new='{\"font-size\":\"\",\"line-height\":\"\"}'  style=\"font-weight:normal;color:#000000;\"><p>About me<\/p><\/div><\/div><a class=\"ult-new-ib-link\" href=\"https:\/\/mahrokh-beck.de\/en\/about-mahrokh-aramesh-beck\/\" title=\"\u00dcber\"  ><\/a><\/div>[\/vc_column][\/vc_row][vc_row disable_element=&#8221;yes&#8221; css=&#8221;.vc_custom_1662977401580{padding-top: 100px !important;padding-bottom: 100px !important;}&#8221;][vc_column width=&#8221;1\/6&#8243;][\/vc_column][vc_column width=&#8221;2\/3&#8243;][vc_column_text]\u201eMeine Mutter hatte ein Schmuckstu\u0308ck von ovaler Form. Es war so gro\u00df, da\u00df man es auf der Brust nicht tragen konnte, und so erschien es jedesmal, wenn sie es antat, an ihrem Gu\u0308rtel. (\u2026) Es prunkte mit einem gro\u00dfen, blitzenden und gelben Steine, der die Mitte war, und eine Anzahl m\u00e4\u00dfig gro\u00dfer, die in vielen Farben \u2013 gru\u0308n, blau, gelb, rosa, purpur \u2013 ihn umstanden. Dies Schmuckstu\u0308ck war, so oft ich es erblickte, mein Entzu\u0308cken. Denn in den tausend kleinen Feuern, die aus seinen R\u00e4ndern schossen, sa\u00df, vernehmlich, eine Tanzmusik.\u201c<\/p>\n<p><em>Walter Benjamin in \u201eBerliner Kindheit um Neunzehnhundert\u201c<\/em>[\/vc_column_text][\/vc_column][vc_column width=&#8221;1\/6&#8243;][\/vc_column][\/vc_row]<\/p>\n<\/div>","protected":false},"excerpt":{"rendered":"<p>[vc_row][vc_column][\/vc_column][\/vc_row][vc_row][vc_column][\/vc_column][\/vc_row][vc_row disable_element=&#8221;yes&#8221; css=&#8221;.vc_custom_1662977401580{padding-top: 100px !important;padding-bottom: 100px !important;}&#8221;][vc_column width=&#8221;1\/6&#8243;][\/vc_column][vc_column width=&#8221;2\/3&#8243;][vc_column_text]\u201eMeine Mutter hatte ein Schmuckstu\u0308ck von ovaler Form. Es war so gro\u00df, da\u00df man es auf der Brust nicht tragen konnte, und so erschien es jedesmal, wenn sie es antat, an ihrem Gu\u0308rtel. (\u2026) Es prunkte mit einem gro\u00dfen, blitzenden und gelben Steine, der die Mitte war, [&#8230;]<\/p>\n<p><a class=\"btn btn-secondary understrap-read-more-link\" href=\"https:\/\/mahrokh-beck.de\/en\/\">Read More&#8230;<span class=\"screen-reader-text\"> from Mahrokh Beck Jewellery<\/span><\/a><\/p>\n","protected":false},"author":1,"featured_media":0,"parent":0,"menu_order":1,"comment_status":"closed","ping_status":"closed","template":"","meta":{"footnotes":""},"class_list":["post-49","page","type-page","status-publish","hentry"],"yoast_head":"<!-- This site is optimized with the Yoast SEO plugin v26.3 - https:\/\/yoast.com\/wordpress\/plugins\/seo\/ -->\n<title>Mahrokh Beck Jewellery - Mahrokh Beck<\/title>\n<meta name=\"robots\" content=\"index, follow, max-snippet:-1, max-image-preview:large, max-video-preview:-1\" \/>\n<link rel=\"canonical\" href=\"https:\/\/mahrokh-beck.de\/en\/\" \/>\n<meta property=\"og:locale\" content=\"en_US\" \/>\n<meta property=\"og:type\" content=\"article\" \/>\n<meta property=\"og:title\" content=\"Mahrokh Beck Jewellery - Mahrokh Beck\" \/>\n<meta property=\"og:description\" content=\"[vc_row][vc_column][\/vc_column][\/vc_row][vc_row][vc_column][\/vc_column][\/vc_row][vc_row disable_element=&#8221;yes&#8221; css=&#8221;.vc_custom_1662977401580{padding-top: 100px !important;padding-bottom: 100px !important;}&#8221;][vc_column width=&#8221;1\/6&#8243;][\/vc_column][vc_column width=&#8221;2\/3&#8243;][vc_column_text]\u201eMeine Mutter hatte ein Schmuckstu\u0308ck von ovaler Form. Es war so gro\u00df, da\u00df man es auf der Brust nicht tragen konnte, und so erschien es jedesmal, wenn sie es antat, an ihrem Gu\u0308rtel. (\u2026) Es prunkte mit einem gro\u00dfen, blitzenden und gelben Steine, der die Mitte war, [...]Read More... from Mahrokh Beck Jewellery\" \/>\n<meta property=\"og:url\" content=\"https:\/\/mahrokh-beck.de\/en\/\" \/>\n<meta property=\"og:site_name\" content=\"Mahrokh Beck\" \/>\n<meta property=\"article:modified_time\" content=\"2023-01-20T11:19:45+00:00\" \/>\n<meta name=\"twitter:card\" content=\"summary_large_image\" \/>\n<meta name=\"twitter:label1\" content=\"Est. reading time\" \/>\n\t<meta name=\"twitter:data1\" content=\"1 minute\" \/>\n<script type=\"application\/ld+json\" class=\"yoast-schema-graph\">{\"@context\":\"https:\/\/schema.org\",\"@graph\":[{\"@type\":\"WebPage\",\"@id\":\"https:\/\/mahrokh-beck.de\/en\/\",\"url\":\"https:\/\/mahrokh-beck.de\/en\/\",\"name\":\"Mahrokh Beck Jewellery - Mahrokh Beck\",\"isPartOf\":{\"@id\":\"https:\/\/mahrokh-beck.de\/#website\"},\"datePublished\":\"2022-08-01T09:45:31+00:00\",\"dateModified\":\"2023-01-20T11:19:45+00:00\",\"breadcrumb\":{\"@id\":\"https:\/\/mahrokh-beck.de\/en\/#breadcrumb\"},\"inLanguage\":\"en-US\",\"potentialAction\":[{\"@type\":\"ReadAction\",\"target\":[\"https:\/\/mahrokh-beck.de\/en\/\"]}]},{\"@type\":\"BreadcrumbList\",\"@id\":\"https:\/\/mahrokh-beck.de\/en\/#breadcrumb\",\"itemListElement\":[{\"@type\":\"ListItem\",\"position\":1,\"name\":\"Startseite\",\"item\":\"https:\/\/mahrokh-beck.de\/en\/\"},{\"@type\":\"ListItem\",\"position\":2,\"name\":\"Mahrokh Beck Jewellery\"}]},{\"@type\":\"WebSite\",\"@id\":\"https:\/\/mahrokh-beck.de\/#website\",\"url\":\"https:\/\/mahrokh-beck.de\/\",\"name\":\"Mahrokh Beck\",\"description\":\"Jewellery\",\"potentialAction\":[{\"@type\":\"SearchAction\",\"target\":{\"@type\":\"EntryPoint\",\"urlTemplate\":\"https:\/\/mahrokh-beck.de\/?s={search_term_string}\"},\"query-input\":{\"@type\":\"PropertyValueSpecification\",\"valueRequired\":true,\"valueName\":\"search_term_string\"}}],\"inLanguage\":\"en-US\"}]}<\/script>\n<!-- \/ Yoast SEO plugin. -->","yoast_head_json":{"title":"Mahrokh Beck Jewellery - Mahrokh Beck","robots":{"index":"index","follow":"follow","max-snippet":"max-snippet:-1","max-image-preview":"max-image-preview:large","max-video-preview":"max-video-preview:-1"},"canonical":"https:\/\/mahrokh-beck.de\/en\/","og_locale":"en_US","og_type":"article","og_title":"Mahrokh Beck Jewellery - Mahrokh Beck","og_description":"[vc_row][vc_column][\/vc_column][\/vc_row][vc_row][vc_column][\/vc_column][\/vc_row][vc_row disable_element=&#8221;yes&#8221; css=&#8221;.vc_custom_1662977401580{padding-top: 100px !important;padding-bottom: 100px !important;}&#8221;][vc_column width=&#8221;1\/6&#8243;][\/vc_column][vc_column width=&#8221;2\/3&#8243;][vc_column_text]\u201eMeine Mutter hatte ein Schmuckstu\u0308ck von ovaler Form. Es war so gro\u00df, da\u00df man es auf der Brust nicht tragen konnte, und so erschien es jedesmal, wenn sie es antat, an ihrem Gu\u0308rtel. (\u2026) Es prunkte mit einem gro\u00dfen, blitzenden und gelben Steine, der die Mitte war, [...]Read More... from Mahrokh Beck Jewellery","og_url":"https:\/\/mahrokh-beck.de\/en\/","og_site_name":"Mahrokh Beck","article_modified_time":"2023-01-20T11:19:45+00:00","twitter_card":"summary_large_image","twitter_misc":{"Est. reading time":"1 minute"},"schema":{"@context":"https:\/\/schema.org","@graph":[{"@type":"WebPage","@id":"https:\/\/mahrokh-beck.de\/en\/","url":"https:\/\/mahrokh-beck.de\/en\/","name":"Mahrokh Beck Jewellery - Mahrokh Beck","isPartOf":{"@id":"https:\/\/mahrokh-beck.de\/#website"},"datePublished":"2022-08-01T09:45:31+00:00","dateModified":"2023-01-20T11:19:45+00:00","breadcrumb":{"@id":"https:\/\/mahrokh-beck.de\/en\/#breadcrumb"},"inLanguage":"en-US","potentialAction":[{"@type":"ReadAction","target":["https:\/\/mahrokh-beck.de\/en\/"]}]},{"@type":"BreadcrumbList","@id":"https:\/\/mahrokh-beck.de\/en\/#breadcrumb","itemListElement":[{"@type":"ListItem","position":1,"name":"Startseite","item":"https:\/\/mahrokh-beck.de\/en\/"},{"@type":"ListItem","position":2,"name":"Mahrokh Beck Jewellery"}]},{"@type":"WebSite","@id":"https:\/\/mahrokh-beck.de\/#website","url":"https:\/\/mahrokh-beck.de\/","name":"Mahrokh Beck","description":"Jewellery","potentialAction":[{"@type":"SearchAction","target":{"@type":"EntryPoint","urlTemplate":"https:\/\/mahrokh-beck.de\/?s={search_term_string}"},"query-input":{"@type":"PropertyValueSpecification","valueRequired":true,"valueName":"search_term_string"}}],"inLanguage":"en-US"}]}},"_links":{"self":[{"href":"https:\/\/mahrokh-beck.de\/en\/wp-json\/wp\/v2\/pages\/49","targetHints":{"allow":["GET"]}}],"collection":[{"href":"https:\/\/mahrokh-beck.de\/en\/wp-json\/wp\/v2\/pages"}],"about":[{"href":"https:\/\/mahrokh-beck.de\/en\/wp-json\/wp\/v2\/types\/page"}],"author":[{"embeddable":true,"href":"https:\/\/mahrokh-beck.de\/en\/wp-json\/wp\/v2\/users\/1"}],"replies":[{"embeddable":true,"href":"https:\/\/mahrokh-beck.de\/en\/wp-json\/wp\/v2\/comments?post=49"}],"version-history":[{"count":9,"href":"https:\/\/mahrokh-beck.de\/en\/wp-json\/wp\/v2\/pages\/49\/revisions"}],"predecessor-version":[{"id":360,"href":"https:\/\/mahrokh-beck.de\/en\/wp-json\/wp\/v2\/pages\/49\/revisions\/360"}],"wp:attachment":[{"href":"https:\/\/mahrokh-beck.de\/en\/wp-json\/wp\/v2\/media?parent=49"}],"curies":[{"name":"wp","href":"https:\/\/api.w.org\/{rel}","templated":true}]}}